{"id":10,"date":"2021-11-06T16:58:08","date_gmt":"2021-11-06T15:58:08","guid":{"rendered":"http:\/\/hospicjumdomowe.com\/?page_id=10"},"modified":"2022-06-08T22:44:57","modified_gmt":"2022-06-08T20:44:57","slug":"rodo","status":"publish","type":"page","link":"https:\/\/hospicjumdomowe.com\/?page_id=10","title":{"rendered":"RODO"},"content":{"rendered":"\n<p class=\"has-text-align-center\"><strong>Klauzula informacyjna RODO dla pacjenta<\/strong><\/p>\n\n\n\n<p>Zgodnie z art. 13 ust. 1 rozporz\u0105dzenia Parlamentu Europejskiego i Rady (UE) 2016\/679 z 27 kwietnia 2016 r. w sprawie ochrony os\u00f3b fizycznych w zwi\u0105zku<br>z przetwarzaniem danych osobowych i w sprawie swobodnego przep\u0142ywu takich danych oraz uchylenia dyrektywy 95\/46\/WE (og\u00f3lne rozporz\u0105dzenie o ochronie danych) \u2013 dalej: RODO, informujemy:<\/p>\n\n\n\n<ol type=\"1\"><li>Administratorem Pani\/Pana danych osobowych jest <strong>Archidiecezjalny Zesp\u00f3\u0142 Domowej Opieki Paliatywnej Hospicjum Domowe NZOZ (dalej jako AZDOP)\u00a0z siedzib\u0105 pl. Konfederacji 55, 01-834 Warszawa KRS:\u00a00000402663 NIP 1182081624 tel.\/fax: 22-663-99-40<\/strong> <strong>e-mail:\u00a0\u00a0 <\/strong><a href=\"mailto:azdop.wawa@wp.pl\">azdop.wawa@wp.pl<\/a><\/li><li>W sprawach dotycz\u0105cych przetwarzania danych osobowych oraz korzystania praw zwi\u0105zanych z przetwarzaniem danych, prosz\u0119 kontaktowa\u0107 si\u0119<br>z Inspektorem Ochrony Danych Osobowych (IODO) drog\u0105 elektroniczn\u0105 na adres e-mail: <a href=\"mailto:azdop.wawa@wp.pl\">azdop.wawa@wp.pl<\/a> i\/lub <a href=\"mailto:mariamil@wp.pl\">mariamil@wp.pl<\/a>. lub pisemnie na adres siedziby Administratora. Z Inspektorem Ochrony Danych mo\u017cna si\u0119 kontaktowa\u0107 we wszystkich sprawach dotycz\u0105cych przetwarzania danych osobowych oraz korzystania z praw zwi\u0105zanych z przetwarzaniem danych.<\/li><li>Pani\/Pana dane osobowe b\u0119d\u0105 zbierane i przetwarzane w celu prowadzenia przez Administratora dzia\u0142alno\u015bci leczniczej, w szczeg\u00f3lno\u015bci w celu \u015bwiadczenia przez Administratora us\u0142ug medycznych oraz prowadzenia wymaganej przepisami prawa dokumentacji medycznej.<\/li><\/ol>\n\n\n\n<p class=\"has-text-align-center\"><strong>Przetwarzanie danych osobowych<\/strong>.<\/p>\n\n\n\n<p class=\"has-text-align-left\">4. Zgodnie z tre\u015bci\u0105 art. 4 ust. 2 RODO, za przetwarzanie danych osobowych nale\u017cy rozumie\u0107 operacj\u0119 lub zestaw operacji wykonywanych na danych osobowych lub zestawach danych osobowych w spos\u00f3b zautomatyzowany lub niezautomatyzowany, tak\u0105 jak zbieranie, utrwalanie, organizowanie, porz\u0105dkowanie, przechowywanie, adaptowanie lub modyfikowanie, pobieranie, przegl\u0105danie, wykorzystywanie, ujawnianie poprzez przes\u0142anie, rozpowszechnianie lub innego rodzaju udost\u0119pnianie, dopasowywanie lub \u0142\u0105czenie, ograniczanie, usuwanie lub niszczenie Podstaw\u0105 prawn\u0105 przetwarzania<\/p>\n\n\n\n<p>5. Pani\/Pana danych w zakresie prowadzenia dzia\u0142alno\u015bci leczniczej, w tym tak\u017ce w zakresie prowadzenia dokumentacji medycznej, jest art. 6 ust. 1 lit. c RODO, w zw. z przepisami ustawy z 15.04.2011 r. o dzia\u0142alno\u015bci leczniczej oraz ustawy z 06.11.2008 r. o prawach pacjenta i Rzeczniku Praw Pacjenta.<\/p>\n\n\n\n<p>6. Podstaw\u0105 przetwarzania danych w zakresie, jaki jest niezb\u0119dny dla ochrony \u017cywotnych interes\u00f3w pacjenta, mo\u017ce by\u0107 r\u00f3wnie\u017c art. 6 ust. 1 lit. d RODO. W zakresie, w jakim przetwarzane dane obejmuj\u0105 dane szczeg\u00f3lnych kategorii, podstaw\u0105 prawn\u0105 przetwarzania danych jest art. 9 ust. 2 lit. c i h RODO.<\/p>\n\n\n\n<p>7. Odbiorcami Pani\/Pana danych osobowych b\u0119d\u0105 wy\u0142\u0105cznie:<\/p>\n\n\n\n<p>      a) pracownicy i wsp\u00f3\u0142pracownicy AZDOP w zakresie swoich obowi\u0105zk\u00f3w s\u0142u\u017cbowych na podstawie udzielnego upowa\u017cnienia<\/p>\n\n\n\n<p>      b) podmioty uprawnione do uzyskania danych osobowych na podstawie przepis\u00f3w prawa (NFZ)<\/p>\n\n\n\n<p>      c) podmioty \u015bwiadcz\u0105ce us\u0142ugi na rzecz Hospicjum zwi\u0105zane umow\u0105 powierzenia danych osobowych w ramach realizacji \u015bwiadcze\u0144.<\/p>\n\n\n\n<p>      d) osoby bliskie na podstawie Pani\/Pana upowa\u017cnienia<\/p>\n\n\n\n<p>8. Pana\/Pani dane osobowe przechowywane b\u0119d\u0105 w okresie niezb\u0119dnym do realizacji cel\u00f3w przetwarzania tj. 20 lat na podst. Rozporz\u0105dzenia Ministra Zdrowia z dnia 9 listopada 2015r.w sprawie rodzaj\u00f3w, zakresu i wzor\u00f3w dokumentacji medycznej oraz sposobu jej przetwarzania( Dz. U.2015 poz.2669).<\/p>\n\n\n\n<p>9. Administrator nie b\u0119dzie przekazywa\u0142 Pani\/ Pana danych osobowych odbiorcom w pa\u0144stwach trzecich oraz organizacjom mi\u0119dzynarodowym.<\/p>\n\n\n\n<p>10. Posiada Pani\/Pan prawo dost\u0119pu do tre\u015bci swoich danych oraz prawo ich sprostowania, usuni\u0119cia, ograniczenia przetwarzania, prawo do przenoszenia danych, prawo wniesienia sprzeciwu, prawo do cofni\u0119cia zgody w dowolnym momencie bez wp\u0142ywu na zgodno\u015b\u0107 z prawem przetwarzania (je\u017celi przetwarzanie odbywa si\u0119 na podstawie zgody), kt\u00f3rego dokonano na podstawie zgody przed jej cofni\u0119ciem. Zgod\u0119 mo\u017ce Pani\/Pan wycofa\u0107 poprzez wys\u0142anie o\u015bwiadczenia o wycofaniu zgody na nasz adres korespondencyjny b\u0105d\u017a adres e-mail: <a href=\"mailto:azdop.wawa@wp.pl\">azdop.wawa@wp.pl<\/a>    <\/p>\n\n\n\n<p>11. Ma Pani\/Pan prawo wniesienia skargi do Prezesa Urz\u0119du Ochrony Danych Osobowych, ul. Stawki 2, 00-193 Warszawa, Infolinia: 606\u00a0950\u00a0000 (w godz. 10.00-13.00) e-mail: <a href=\"mailto:kancelaria@uodo.gov.pl\">kancelaria@uodo.gov.pl<\/a>.  <\/p>\n\n\n\n<p>12. Podanie przez Pana\/Pani\u0105 danych osobowych jest dobrowolne i jest warunkiem realizacji przez AZDOP wobec Pani\/Pana realizacji zada\u0144 statutowych, jednak\u017ce ich niepodanie b\u0119dzie skutkowa\u0142o niemo\u017cno\u015bci\u0105 wykonania us\u0142ugi medycznej. <\/p>\n\n\n\n<p>13. Administrator nie podejmuje czynno\u015bci zwi\u0105zanych ze zautomatyzowanym podejmowaniem decyzji wobec danych osobowych, w tym o profilowaniu.<\/p>\n\n\n\n<p class=\"has-text-align-right\">Administrator Danych Osobowych<\/p>\n","protected":false},"excerpt":{"rendered":"<p>Klauzula informacyjna RODO dla pacjenta Zgodnie z art. 13 ust. 1 rozporz\u0105dzenia Parlamentu Europejskiego i Rady (UE) 2016\/679 z 27 kwietnia 2016 r. w sprawie ochrony os\u00f3b fizycznych w zwi\u0105zkuz przetwarzaniem danych osobowych i w sprawie swobodnego przep\u0142ywu takich danych oraz uchylenia dyrektywy 95\/46\/WE (og\u00f3lne rozporz\u0105dzenie o ochronie danych) \u2013 dalej: RODO, informujemy: Administratorem Pani\/Pana &hellip; <a href=\"https:\/\/hospicjumdomowe.com\/?page_id=10\" class=\"more-link\">Czytaj dalej <span class=\"screen-reader-text\">RODO<\/span><\/a><\/p>\n","protected":false},"author":1,"featured_media":0,"parent":0,"menu_order":0,"comment_status":"closed","ping_status":"closed","template":"","meta":[],"_links":{"self":[{"href":"https:\/\/hospicjumdomowe.com\/index.php?rest_route=\/wp\/v2\/pages\/10"}],"collection":[{"href":"https:\/\/hospicjumdomowe.com\/index.php?rest_route=\/wp\/v2\/pages"}],"about":[{"href":"https:\/\/hospicjumdomowe.com\/index.php?rest_route=\/wp\/v2\/types\/page"}],"author":[{"embeddable":true,"href":"https:\/\/hospicjumdomowe.com\/index.php?rest_route=\/wp\/v2\/users\/1"}],"replies":[{"embeddable":true,"href":"https:\/\/hospicjumdomowe.com\/index.php?rest_route=%2Fwp%2Fv2%2Fcomments&post=10"}],"version-history":[{"count":5,"href":"https:\/\/hospicjumdomowe.com\/index.php?rest_route=\/wp\/v2\/pages\/10\/revisions"}],"predecessor-version":[{"id":181,"href":"https:\/\/hospicjumdomowe.com\/index.php?rest_route=\/wp\/v2\/pages\/10\/revisions\/181"}],"wp:attachment":[{"href":"https:\/\/hospicjumdomowe.com\/index.php?rest_route=%2Fwp%2Fv2%2Fmedia&parent=10"}],"curies":[{"name":"wp","href":"https:\/\/api.w.org\/{rel}","templated":true}]}}