{"id":561,"date":"2025-09-02T17:02:13","date_gmt":"2025-09-02T15:02:13","guid":{"rendered":"https:\/\/hospicjumdomowe.com\/?page_id=561"},"modified":"2026-01-22T14:16:18","modified_gmt":"2026-01-22T13:16:18","slug":"metody-wsparcia","status":"publish","type":"page","link":"https:\/\/hospicjumdomowe.com\/?page_id=561","title":{"rendered":"Metody wsparcia"},"content":{"rendered":"\n<p><strong style=\"font-style: italic;\">Prosimy o przekazanie 1,5% swojego podatku &#8211; <\/strong><em><strong>dz<\/strong><\/em><strong><em>i\u0119kujemy<\/em><\/strong><\/p>\n\n\n\n<p><\/p>\n\n\n\n<figure class=\"wp-block-image size-full is-resized\"><img decoding=\"async\" loading=\"lazy\" src=\"http:\/\/hospicjumdomowe.com\/wp-content\/uploads\/2025\/07\/image.png\" alt=\"\" class=\"wp-image-549\" width=\"628\" height=\"888\" srcset=\"https:\/\/hospicjumdomowe.com\/wp-content\/uploads\/2025\/07\/image.png 628w, https:\/\/hospicjumdomowe.com\/wp-content\/uploads\/2025\/07\/image-212x300.png 212w\" sizes=\"(max-width: 628px) 100vw, 628px\" \/><\/figure>\n\n\n\n<p><\/p>\n\n\n\n<p><\/p>\n\n\n\n<p><\/p>\n\n\n\n<figure class=\"wp-block-image is-resized\"><img decoding=\"async\" loading=\"lazy\" src=\"https:\/\/www.siepomaga.pl\/packs\/static\/assets\/images\/siepomagaLogo-8d1e161196756dc1853a0.svg\" alt=\"Logo Siepomaga.pl\" width=\"385\" height=\"88\"\/><\/figure>\n\n\n\n<p><\/p>\n\n\n\n<p><a href=\"https:\/\/www.siepomaga.pl\/hospicjumdomowe\">ARCHIDIECEZJALNY ZESP\u00d3\u0141 DOMOWEJ OPIEKI PALIATYWNEJ OPP \u2013 profil organizacji | Siepomaga.pl<\/a><\/p>\n\n\n\n<pre class=\"wp-block-code\"><code><\/code><\/pre>\n\n\n\n<p><strong><em>Tradycyjny przelew bankowy:<\/em><\/strong><\/p>\n\n\n\n<p>NUMER KONTA BANKOWEGO:<br>80 1020 1026 0000 1202 0247 4930<\/p>\n\n\n\n<figure class=\"wp-block-image size-large is-resized\"><img decoding=\"async\" loading=\"lazy\" src=\"https:\/\/hospicjumdomowe.com\/wp-content\/uploads\/2025\/09\/Zdjecie-WhatsApp-2025-09-03-o-18.55.49_0afd2869-1024x481.jpg\" alt=\"\" class=\"wp-image-591\" width=\"478\" height=\"224\" srcset=\"https:\/\/hospicjumdomowe.com\/wp-content\/uploads\/2025\/09\/Zdjecie-WhatsApp-2025-09-03-o-18.55.49_0afd2869-1024x481.jpg 1024w, https:\/\/hospicjumdomowe.com\/wp-content\/uploads\/2025\/09\/Zdjecie-WhatsApp-2025-09-03-o-18.55.49_0afd2869-300x141.jpg 300w, https:\/\/hospicjumdomowe.com\/wp-content\/uploads\/2025\/09\/Zdjecie-WhatsApp-2025-09-03-o-18.55.49_0afd2869-768x361.jpg 768w, https:\/\/hospicjumdomowe.com\/wp-content\/uploads\/2025\/09\/Zdjecie-WhatsApp-2025-09-03-o-18.55.49_0afd2869-1536x722.jpg 1536w, https:\/\/hospicjumdomowe.com\/wp-content\/uploads\/2025\/09\/Zdjecie-WhatsApp-2025-09-03-o-18.55.49_0afd2869.jpg 1806w\" sizes=\"(max-width: 478px) 100vw, 478px\" \/><\/figure>\n\n\n\n<p><\/p>\n\n\n\n<p>Zgodnie z art.55 ust.7 Ustawy z dnia 17 maja 1989r., o stosunku Pa\u0144stwa do Ko\u015bcio\u0142a Kat. w R.P. (Dz.U.nr29 poz.154), darowizn\u0119 na dzia\u0142alno\u015b\u0107 charytatywno-opieku\u0144cz\u0105 Ko\u015bcio\u0142\u00f3w mo\u017cna odliczy\u0107 od dochodu-UWAGA ! \u2013 w pe\u0142nej kwocie bez \u017cadnego limitu<\/p>\n\n\n\n<p><\/p>\n\n\n\n<p><\/p>\n\n\n\n<p><\/p>\n\n\n\n<figure class=\"wp-block-gallery has-nested-images columns-default is-cropped wp-block-gallery-1 is-layout-flex\"><\/figure>\n","protected":false},"excerpt":{"rendered":"<p>Prosimy o przekazanie 1,5% swojego podatku &#8211; dzi\u0119kujemy ARCHIDIECEZJALNY ZESP\u00d3\u0141 DOMOWEJ OPIEKI PALIATYWNEJ OPP \u2013 profil organizacji | Siepomaga.pl Tradycyjny przelew bankowy: NUMER KONTA BANKOWEGO:80 1020 1026 0000 1202 0247 4930 Zgodnie z art.55 ust.7 Ustawy z dnia 17 maja 1989r., o stosunku Pa\u0144stwa do Ko\u015bcio\u0142a Kat. w R.P. (Dz.U.nr29 poz.154), darowizn\u0119 na dzia\u0142alno\u015b\u0107 charytatywno-opieku\u0144cz\u0105 &hellip; <a href=\"https:\/\/hospicjumdomowe.com\/?page_id=561\" class=\"more-link\">Czytaj dalej <span class=\"screen-reader-text\">Metody wsparcia<\/span><\/a><\/p>\n","protected":false},"author":1,"featured_media":0,"parent":0,"menu_order":0,"comment_status":"closed","ping_status":"closed","template":"","meta":[],"_links":{"self":[{"href":"https:\/\/hospicjumdomowe.com\/index.php?rest_route=\/wp\/v2\/pages\/561"}],"collection":[{"href":"https:\/\/hospicjumdomowe.com\/index.php?rest_route=\/wp\/v2\/pages"}],"about":[{"href":"https:\/\/hospicjumdomowe.com\/index.php?rest_route=\/wp\/v2\/types\/page"}],"author":[{"embeddable":true,"href":"https:\/\/hospicjumdomowe.com\/index.php?rest_route=\/wp\/v2\/users\/1"}],"replies":[{"embeddable":true,"href":"https:\/\/hospicjumdomowe.com\/index.php?rest_route=%2Fwp%2Fv2%2Fcomments&post=561"}],"version-history":[{"count":18,"href":"https:\/\/hospicjumdomowe.com\/index.php?rest_route=\/wp\/v2\/pages\/561\/revisions"}],"predecessor-version":[{"id":688,"href":"https:\/\/hospicjumdomowe.com\/index.php?rest_route=\/wp\/v2\/pages\/561\/revisions\/688"}],"wp:attachment":[{"href":"https:\/\/hospicjumdomowe.com\/index.php?rest_route=%2Fwp%2Fv2%2Fmedia&parent=561"}],"curies":[{"name":"wp","href":"https:\/\/api.w.org\/{rel}","templated":true}]}}