{"id":6,"date":"2021-11-06T16:58:07","date_gmt":"2021-11-06T15:58:07","guid":{"rendered":"http:\/\/hospicjumdomowe.com\/?page_id=6"},"modified":"2026-04-14T07:09:36","modified_gmt":"2026-04-14T05:09:36","slug":"informacje","status":"publish","type":"page","link":"https:\/\/hospicjumdomowe.com\/","title":{"rendered":"O nas"},"content":{"rendered":"\n<figure class=\"wp-block-pullquote alignleft\"><blockquote><p>  <\/p><\/blockquote><\/figure>\n\n\n\n<p>             <\/p>\n\n\n\n<p class=\"has-text-align-center\"><strong style=\"font-style: italic;\">Prosimy o przekazanie 1,5% swojego podatku &#8211; <\/strong><strong><em>dzi\u0119kujemy<\/em><\/strong><\/p>\n\n\n\n<p>      <\/p>\n\n\n\n<p><\/p>\n\n\n\n<figure class=\"wp-block-embed is-type-video is-provider-youtube wp-block-embed-youtube wp-embed-aspect-16-9 wp-has-aspect-ratio\"><div class=\"wp-block-embed__wrapper\">\n<iframe loading=\"lazy\" title=\"Pomagamy by\u0107 razem\" width=\"660\" height=\"371\" src=\"https:\/\/www.youtube.com\/embed\/kABdrjCofH0?feature=oembed\" frameborder=\"0\" allow=\"accelerometer; autoplay; clipboard-write; encrypted-media; gyroscope; picture-in-picture; web-share\" referrerpolicy=\"strict-origin-when-cross-origin\" allowfullscreen><\/iframe>\n<\/div><\/figure>\n\n\n\n<p> <\/p>\n\n\n\n<p><\/p>\n\n\n\n<p>    <\/p>\n\n\n\n<p><\/p>\n\n\n\n<p><\/p>\n\n\n\n<p><\/p>\n\n\n\n<p><strong>Archidiecezjalny Zesp\u00f3\u0142 Domowej Opieki Paliatywnej<\/strong> jest instytucj\u0105 powo\u0142an\u0105 przez Prymasa Polski dnia 2 pa\u017adziernika 1996 roku do sprawowania opieki hospicyjnej nios\u0105cej ulg\u0119 osobom nieuleczalnie chorym i umieraj\u0105cym.<\/p>\n\n\n\n<p>Opiek\u0119 lekarsk\u0105, piel\u0119gniarsk\u0105, duchow\u0105 i socjaln\u0105 sprawujemy w domu Chorego daj\u0105c oparcie ca\u0142ej rodzinie, cz\u0119sto zagubionej w trudnych chwilach zwi\u0105zanych z przewlek\u0142\u0105 chorob\u0105 najbli\u017cszej osoby.<\/p>\n\n\n\n<p>Nasz\u0105 opiek\u0105 obejmujemy ponad 130 pacjent\u00f3w dziennie, zapewniaj\u0105c pe\u0142n\u0105 pomoc lekarsk\u0105, piel\u0119gniarsk\u0105, psychologiczn\u0105 (w razie potrzeby) i rehabilitacyjn\u0105 (w razie potrzeby) oraz niezb\u0119dn\u0105 aparatur\u0119 i sprz\u0119t medyczny w ich domach.<\/p>\n\n\n\n<p>Naszymi pacjentami s\u0105 nieuleczalnie chorzy, g\u0142\u00f3wnie na nowotwory z\u0142o\u015bliwe. Opieka hospicjum polega na poprawie jako\u015bci \u017cycia pacjent\u00f3w i ich rodzin poprzez wielokierunkowe zaspakajanie ich potrzeb. Wi\u0105\u017ce si\u0119 to z \u0142agodzeniem wi\u0119kszo\u015bci objaw\u00f3w towarzysz\u0105cych chorobie przewlek\u0142ej, a szczeg\u00f3lnie z \u0142agodzeniem dolegliwo\u015bci b\u00f3lowych.<\/p>\n\n\n\n<p>Swoim wsparciem obejmujemy chorych niezale\u017cnie od ich przekona\u0144, uwzgl\u0119dniaj\u0105c ich indywidualne potrzeby duchowe i religijne.<\/p>\n\n\n\n<figure class=\"wp-block-gallery has-nested-images columns-default is-cropped wp-block-gallery-1 is-layout-flex\">\n<figure class=\"wp-block-image size-large\"><img decoding=\"async\" loading=\"lazy\" width=\"500\" height=\"376\" data-id=\"673\"  src=\"https:\/\/hospicjumdomowe.com\/wp-content\/uploads\/2025\/11\/anigif5.gif\" alt=\"\" class=\"wp-image-673\"\/><\/figure>\n<\/figure>\n\n\n\n<figure class=\"wp-block-image size-full\"><img decoding=\"async\" loading=\"lazy\" width=\"539\" height=\"727\" src=\"https:\/\/hospicjumdomowe.com\/wp-content\/uploads\/2025\/04\/dekret.png1_.png\" alt=\"\" class=\"wp-image-534\" srcset=\"https:\/\/hospicjumdomowe.com\/wp-content\/uploads\/2025\/04\/dekret.png1_.png 539w, https:\/\/hospicjumdomowe.com\/wp-content\/uploads\/2025\/04\/dekret.png1_-222x300.png 222w\" sizes=\"(max-width: 539px) 100vw, 539px\" \/><figcaption class=\"wp-element-caption\">Dekret<\/figcaption><\/figure>\n\n\n\n<figure class=\"wp-block-image size-large\"><img decoding=\"async\" loading=\"lazy\" width=\"723\" height=\"1024\" src=\"http:\/\/hospicjumdomowe.com\/wp-content\/uploads\/2025\/04\/CERTYFIKAT-ISO-2-pdf-723x1024.jpg\" alt=\"\" class=\"wp-image-539\"\/><\/figure>\n\n\n\n<p><\/p>\n\n\n\n<p><\/p>\n\n\n\n<p><strong>Dzi\u0119kujemy za wsparcie:<\/strong><\/p>\n\n\n\n<p><strong>NUMER KONTA BANKOWEGO<\/strong>:<br><strong>80 1020 1026 0000 1202 0247 4930<\/strong><\/p>\n\n\n\n<figure class=\"wp-block-image size-full\"><img decoding=\"async\" loading=\"lazy\" width=\"248\" height=\"119\" src=\"http:\/\/hospicjumdomowe.com\/wp-content\/uploads\/2025\/02\/cropped-logoTLO-najn.png\" alt=\"\" class=\"wp-image-519\"\/><\/figure>\n\n\n\n<p><\/p>\n\n\n\n<p><\/p>\n\n\n\n<figure class=\"wp-block-image is-resized\"><img decoding=\"async\" loading=\"lazy\" src=\"https:\/\/www.siepomaga.pl\/packs\/static\/assets\/images\/siepomagaLogo-8d1e161196756dc1853a0.svg\" alt=\"Logo Siepomaga.pl\" width=\"258\" height=\"60\"\/><\/figure>\n\n\n\n<p><a href=\"https:\/\/www.siepomaga.pl\/hospicjumdomowe\">ARCHIDIECEZJALNY ZESP\u00d3\u0141 DOMOWEJ OPIEKI PALIATYWNEJ OPP &#8211; profil organizacji | Siepomaga.pl<\/a><\/p>\n","protected":false},"excerpt":{"rendered":"<p>Prosimy o przekazanie 1,5% swojego podatku &#8211; dzi\u0119kujemy Archidiecezjalny Zesp\u00f3\u0142 Domowej Opieki Paliatywnej jest instytucj\u0105 powo\u0142an\u0105 przez Prymasa Polski dnia 2 pa\u017adziernika 1996 roku do sprawowania opieki hospicyjnej nios\u0105cej ulg\u0119 osobom nieuleczalnie chorym i umieraj\u0105cym. Opiek\u0119 lekarsk\u0105, piel\u0119gniarsk\u0105, duchow\u0105 i socjaln\u0105 sprawujemy w domu Chorego daj\u0105c oparcie ca\u0142ej rodzinie, cz\u0119sto zagubionej w trudnych chwilach zwi\u0105zanych &hellip; <a href=\"https:\/\/hospicjumdomowe.com\/\" class=\"more-link\">Czytaj dalej <span class=\"screen-reader-text\">O nas<\/span><\/a><\/p>\n","protected":false},"author":1,"featured_media":0,"parent":0,"menu_order":0,"comment_status":"closed","ping_status":"closed","template":"","meta":[],"_links":{"self":[{"href":"https:\/\/hospicjumdomowe.com\/index.php?rest_route=\/wp\/v2\/pages\/6"}],"collection":[{"href":"https:\/\/hospicjumdomowe.com\/index.php?rest_route=\/wp\/v2\/pages"}],"about":[{"href":"https:\/\/hospicjumdomowe.com\/index.php?rest_route=\/wp\/v2\/types\/page"}],"author":[{"embeddable":true,"href":"https:\/\/hospicjumdomowe.com\/index.php?rest_route=\/wp\/v2\/users\/1"}],"replies":[{"embeddable":true,"href":"https:\/\/hospicjumdomowe.com\/index.php?rest_route=%2Fwp%2Fv2%2Fcomments&post=6"}],"version-history":[{"count":55,"href":"https:\/\/hospicjumdomowe.com\/index.php?rest_route=\/wp\/v2\/pages\/6\/revisions"}],"predecessor-version":[{"id":729,"href":"https:\/\/hospicjumdomowe.com\/index.php?rest_route=\/wp\/v2\/pages\/6\/revisions\/729"}],"wp:attachment":[{"href":"https:\/\/hospicjumdomowe.com\/index.php?rest_route=%2Fwp%2Fv2%2Fmedia&parent=6"}],"curies":[{"name":"wp","href":"https:\/\/api.w.org\/{rel}","templated":true}]}}