{"id":7,"date":"2021-11-06T16:58:07","date_gmt":"2021-11-06T15:58:07","guid":{"rendered":"http:\/\/hospicjumdomowe.com\/?page_id=7"},"modified":"2024-06-10T19:22:25","modified_gmt":"2024-06-10T17:22:25","slug":"kontakt","status":"publish","type":"page","link":"https:\/\/hospicjumdomowe.com\/?page_id=7","title":{"rendered":"Kontakt"},"content":{"rendered":"\n<p class=\"has-text-align-center\"><\/p>\n\n\n\n<p>          SEKRETARIAT HOSPICJUM CZYNNY W DNI POWSZEDNIE W GODZINACH : 10.00 &#8211; 17.00. <\/p>\n\n\n\n<p>           INFORMACJE W WY\u017bEJ WYMIENIONYCH GODZINACH UDZIELANE S\u0104 TELEFONICZNIE NR TEL:       22 663 99 40<\/p>\n\n\n\n<div class=\"wp-block-columns is-layout-flex wp-container-3\">\n<div class=\"wp-block-column is-layout-flow\" style=\"flex-basis:100%\">\n<div class=\"wp-block-group is-layout-flow\"><div class=\"wp-block-group__inner-container\">\n<hr class=\"wp-block-separator has-css-opacity is-style-twentytwentyone-separator-thick\"\/>\n<\/div><\/div>\n<\/div>\n<\/div>\n\n\n\n<p class=\"has-text-align-center\"><strong>ARCHIDIECEZJALNY ZESP\u00d3\u0141 DOMOWEJ OPIEKI PALIATYWNEJ&nbsp;<\/strong>:<\/p>\n\n\n\n<figure class=\"wp-block-image size-large\"><img decoding=\"async\" loading=\"lazy\" width=\"1024\" height=\"769\" src=\"http:\/\/hospicjumdomowe.com\/wp-content\/uploads\/2023\/04\/hospicjum-wejscie-od-platniczej-1-1024x769.jpg\" alt=\"\" class=\"wp-image-196\" srcset=\"https:\/\/hospicjumdomowe.com\/wp-content\/uploads\/2023\/04\/hospicjum-wejscie-od-platniczej-1-1024x769.jpg 1024w, https:\/\/hospicjumdomowe.com\/wp-content\/uploads\/2023\/04\/hospicjum-wejscie-od-platniczej-1-300x225.jpg 300w, https:\/\/hospicjumdomowe.com\/wp-content\/uploads\/2023\/04\/hospicjum-wejscie-od-platniczej-1-768x577.jpg 768w, https:\/\/hospicjumdomowe.com\/wp-content\/uploads\/2023\/04\/hospicjum-wejscie-od-platniczej-1-1536x1154.jpg 1536w, https:\/\/hospicjumdomowe.com\/wp-content\/uploads\/2023\/04\/hospicjum-wejscie-od-platniczej-1-1200x901.jpg 1200w, https:\/\/hospicjumdomowe.com\/wp-content\/uploads\/2023\/04\/hospicjum-wejscie-od-platniczej-1-1980x1487.jpg 1980w, https:\/\/hospicjumdomowe.com\/wp-content\/uploads\/2023\/04\/hospicjum-wejscie-od-platniczej-1.jpg 2040w\" sizes=\"(max-width: 1024px) 100vw, 1024px\" \/><\/figure>\n\n\n\n<p><\/p>\n\n\n\n<p>01-834 Warszawa, Pl. Konfederacji 55 (wej\u015bcie od ul. P\u0142atniczej)<br>tel\/fax (022)663-99-40; tel. (022)663-55-93<br><a href=\"mailto:azdop.wawa@wp.pl\">azdop.wawa@wp.pl<\/a><\/p>\n\n\n\n<p><strong>Sekretariat czynny<\/strong>:<br>Poniedzia\u0142ek-Pi\u0105tek<br>10.00 &#8211; 17.00<\/p>\n\n\n\n<p><strong>1,5% PODATKU<\/strong>:<br><strong>NR KRS: 0000402663<\/strong><\/p>\n\n\n\n<figure class=\"wp-block-image size-full\"><img decoding=\"async\" loading=\"lazy\" width=\"637\" height=\"285\" src=\"http:\/\/hospicjumdomowe.com\/wp-content\/uploads\/2023\/04\/hospicjum-KRS.png\" alt=\"\" class=\"wp-image-194\" srcset=\"https:\/\/hospicjumdomowe.com\/wp-content\/uploads\/2023\/04\/hospicjum-KRS.png 637w, https:\/\/hospicjumdomowe.com\/wp-content\/uploads\/2023\/04\/hospicjum-KRS-300x134.png 300w\" sizes=\"(max-width: 637px) 100vw, 637px\" \/><\/figure>\n\n\n\n<p><strong>NUMER KONTA BANKOWEGO<\/strong>:<br><strong>80 1020 1026 0000 1202 0247 4930<\/strong><\/p>\n\n\n\n<p>W ka\u017cdy trzeci czwartek miesi\u0105ca (poza lipcem i sierpniem) w Ko\u015bciele \u015aw. Zygmunta przy Placu Konfederacji 55, na warszawskich Bielanach o godz. 18:00, sprawowana jest Msza \u015bw. w intencjach naszego Hospicjum, podczas kt\u00f3rej szczeg\u00f3ln\u0105 modlitw\u0105 obejmujemy naszych Darczy\u0144c\u00f3w.<\/p>\n\n\n\n<p>Zgodnie z art.55 ust.7 Ustawy z dnia 17 maja 1989r., o stosunku Pa\u0144stwa do Ko\u015bcio\u0142a Kat. w R.P. (Dz.U.nr29 poz.154), darowizn\u0119 na dzia\u0142alno\u015b\u0107 charytatywno-opieku\u0144cz\u0105 Ko\u015bcio\u0142\u00f3w mo\u017cna odliczy\u0107 od dochodu-UWAGA ! &#8211; w pe\u0142nej kwocie bez \u017cadnego limitu<\/p>\n","protected":false},"excerpt":{"rendered":"<p>SEKRETARIAT HOSPICJUM CZYNNY W DNI POWSZEDNIE W GODZINACH : 10.00 &#8211; 17.00. INFORMACJE W WY\u017bEJ WYMIENIONYCH GODZINACH UDZIELANE S\u0104 TELEFONICZNIE NR TEL: 22 663 99 40 ARCHIDIECEZJALNY ZESP\u00d3\u0141 DOMOWEJ OPIEKI PALIATYWNEJ&nbsp;: 01-834 Warszawa, Pl. Konfederacji 55 (wej\u015bcie od ul. P\u0142atniczej)tel\/fax (022)663-99-40; tel. (022)663-55-93azdop.wawa@wp.pl Sekretariat czynny:Poniedzia\u0142ek-Pi\u0105tek10.00 &#8211; 17.00 1,5% PODATKU:NR KRS: 0000402663 NUMER KONTA BANKOWEGO:80 1020 &hellip; <a href=\"https:\/\/hospicjumdomowe.com\/?page_id=7\" class=\"more-link\">Czytaj dalej <span class=\"screen-reader-text\">Kontakt<\/span><\/a><\/p>\n","protected":false},"author":1,"featured_media":0,"parent":0,"menu_order":0,"comment_status":"closed","ping_status":"closed","template":"","meta":[],"_links":{"self":[{"href":"https:\/\/hospicjumdomowe.com\/index.php?rest_route=\/wp\/v2\/pages\/7"}],"collection":[{"href":"https:\/\/hospicjumdomowe.com\/index.php?rest_route=\/wp\/v2\/pages"}],"about":[{"href":"https:\/\/hospicjumdomowe.com\/index.php?rest_route=\/wp\/v2\/types\/page"}],"author":[{"embeddable":true,"href":"https:\/\/hospicjumdomowe.com\/index.php?rest_route=\/wp\/v2\/users\/1"}],"replies":[{"embeddable":true,"href":"https:\/\/hospicjumdomowe.com\/index.php?rest_route=%2Fwp%2Fv2%2Fcomments&post=7"}],"version-history":[{"count":9,"href":"https:\/\/hospicjumdomowe.com\/index.php?rest_route=\/wp\/v2\/pages\/7\/revisions"}],"predecessor-version":[{"id":553,"href":"https:\/\/hospicjumdomowe.com\/index.php?rest_route=\/wp\/v2\/pages\/7\/revisions\/553"}],"wp:attachment":[{"href":"https:\/\/hospicjumdomowe.com\/index.php?rest_route=%2Fwp%2Fv2%2Fmedia&parent=7"}],"curies":[{"name":"wp","href":"https:\/\/api.w.org\/{rel}","templated":true}]}}